{"id":444,"date":"2011-03-12T19:12:52","date_gmt":"2011-03-12T19:12:52","guid":{"rendered":"http:\/\/52themes.com\/demo\/01\/?page_id=69"},"modified":"2025-05-02T20:48:14","modified_gmt":"2025-05-02T19:48:14","slug":"statut","status":"publish","type":"page","link":"https:\/\/www.rogatica.ba\/?page_id=444","title":{"rendered":"\u0421\u0442\u0430\u0442\u0443\u0442 \u0438 \u043f\u043e\u0441\u043b\u043e\u0432\u043d\u0438\u043a"},"content":{"rendered":"\t\t<div data-elementor-type=\"wp-post\" data-elementor-id=\"444\" class=\"elementor elementor-444\">\n\t\t\t\t\t\t<section class=\"elementor-section elementor-top-section elementor-element elementor-element-ca59657 elementor-section-boxed elementor-section-height-default elementor-section-height-default\" data-id=\"ca59657\" data-element_type=\"section\" data-e-type=\"section\">\n\t\t\t\t\t\t<div class=\"elementor-container elementor-column-gap-default\">\n\t\t\t\t\t<div class=\"elementor-column elementor-col-50 elementor-top-column elementor-element elementor-element-ebcec08\" data-id=\"ebcec08\" data-element_type=\"column\" data-e-type=\"column\">\n\t\t\t<div class=\"elementor-widget-wrap elementor-element-populated\">\n\t\t\t\t\t\t<div class=\"elementor-element elementor-element-9d962d4 elementor-widget elementor-widget-text-editor\" data-id=\"9d962d4\" data-element_type=\"widget\" data-e-type=\"widget\" data-widget_type=\"text-editor.default\">\n\t\t\t\t<div class=\"elementor-widget-container\">\n\t\t\t\t\t\t\t\t\t<p>\u041a\u043b\u0438\u043a\u043e\u043c \u043d\u0430 \u043d\u0430\u0437\u0438\u0432 \u0434\u043e\u043a\u0443\u043c\u0435\u043d\u0442\u0430<br \/>\u00a0\u043e\u0442\u0432\u043e\u0440\u0438\u045b\u0435\u0442\u0435 <em><strong>.pdf<\/strong><\/em> \u0434\u043e\u043a\u0443\u043c\u0435\u043d\u0442 \u0443 \u043d\u043e\u0432\u043e\u043c \u043f\u0440\u043e\u0437\u043e\u0440\u0443\/\u0442\u0430\u0431\u0443.<\/p>\t\t\t\t\t\t\t\t<\/div>\n\t\t\t\t<\/div>\n\t\t\t\t\t<\/div>\n\t\t<\/div>\n\t\t\t\t<div class=\"elementor-column elementor-col-50 elementor-top-column elementor-element elementor-element-d9f9691\" data-id=\"d9f9691\" data-element_type=\"column\" data-e-type=\"column\">\n\t\t\t<div class=\"elementor-widget-wrap elementor-element-populated\">\n\t\t\t\t\t\t<div class=\"elementor-element elementor-element-84e6468 elementor-align-center elementor-mobile-align-center elementor-icon-list--layout-traditional elementor-list-item-link-full_width elementor-widget elementor-widget-icon-list\" data-id=\"84e6468\" data-element_type=\"widget\" data-e-type=\"widget\" data-widget_type=\"icon-list.default\">\n\t\t\t\t<div class=\"elementor-widget-container\">\n\t\t\t\t\t\t\t<ul class=\"elementor-icon-list-items\">\n\t\t\t\t\t\t\t<li class=\"elementor-icon-list-item\">\n\t\t\t\t\t\t\t\t\t\t\t<a href=\"http:\/\/www.rogatica.ba\/wp-content\/uploads\/2018\/05\/Statut-Op\u0161tine-Rogatica.pdf\" target=\"_blank\">\n\n\t\t\t\t\t\t\t\t\t\t\t\t<span class=\"elementor-icon-list-icon\">\n\t\t\t\t\t\t\t\t\t\t\t\t\t\t\t\t<i class=\"fa fa-file-pdf-o\" aria-hidden=\"true\"><\/i>\n\t\t\t\t\t\t\t\t\t\t\t\t\t<\/span>\n\t\t\t\t\t\t\t\t\t\t<span class=\"elementor-icon-list-text\">\u0421\u0442\u0430\u0442\u0443\u0442 \u041e\u043f\u0448\u0442\u0438\u043d\u0435 \u0420\u043e\u0433\u0430\u0442\u0438\u0446\u0430<\/span>\n\t\t\t\t\t\t\t\t\t\t\t<\/a>\n\t\t\t\t\t\t\t\t\t<\/li>\n\t\t\t\t\t\t\t\t<li class=\"elementor-icon-list-item\">\n\t\t\t\t\t\t\t\t\t\t\t<a href=\"http:\/\/www.rogatica.ba\/wp-content\/uploads\/2018\/05\/Poslovnik-o-radu-Skup\u0161tine-op\u0161tine-Rogatica.pdf\" target=\"_blank\">\n\n\t\t\t\t\t\t\t\t\t\t\t\t<span class=\"elementor-icon-list-icon\">\n\t\t\t\t\t\t\t\t\t\t\t\t\t\t\t\t<i class=\"fa fa-file-pdf-o\" aria-hidden=\"true\"><\/i>\n\t\t\t\t\t\t\t\t\t\t\t\t\t<\/span>\n\t\t\t\t\t\t\t\t\t\t<span class=\"elementor-icon-list-text\">\u041f\u043e\u0441\u043b\u043e\u0432\u043d\u0438\u043a \u043e \u0440\u0430\u0434\u0443 \u0421\u043a\u0443\u043f\u0448\u0442\u0438\u043d\u0435 \u043e\u043f\u0448\u0442\u0438\u043d\u0435 \u0420\u043e\u0433\u0430\u0442\u0438\u0446\u0430<\/span>\n\t\t\t\t\t\t\t\t\t\t\t<\/a>\n\t\t\t\t\t\t\t\t\t<\/li>\n\t\t\t\t\t\t\t\t<li class=\"elementor-icon-list-item\">\n\t\t\t\t\t\t\t\t\t\t\t<a href=\"http:\/\/www.rogatica.ba\/wp-content\/uploads\/2018\/05\/Eti\u010dki-kodeks-Skup\u0161tine-op\u0161tine-Rogatica.pdf\" target=\"_blank\">\n\n\t\t\t\t\t\t\t\t\t\t\t\t<span class=\"elementor-icon-list-icon\">\n\t\t\t\t\t\t\t\t\t\t\t\t\t\t\t\t<i class=\"fa fa-file-pdf-o\" aria-hidden=\"true\"><\/i>\n\t\t\t\t\t\t\t\t\t\t\t\t\t<\/span>\n\t\t\t\t\t\t\t\t\t\t<span class=\"elementor-icon-list-text\">\u0415\u0442\u0438\u0447\u043a\u0438 \u043a\u043e\u0434\u0435\u043a\u0441 \u0421\u043a\u0443\u043f\u0448\u0442\u0438\u043d\u0435 \u043e\u043f\u0448\u0442\u0438\u043d\u0435 \u0420\u043e\u0433\u0430\u0442\u0438\u0446\u0430<\/span>\n\t\t\t\t\t\t\t\t\t\t\t<\/a>\n\t\t\t\t\t\t\t\t\t<\/li>\n\t\t\t\t\t\t<\/ul>\n\t\t\t\t\t\t<\/div>\n\t\t\t\t<\/div>\n\t\t\t\t\t<\/div>\n\t\t<\/div>\n\t\t\t\t\t<\/div>\n\t\t<\/section>\n\t\t\t\t<section class=\"elementor-section elementor-top-section elementor-element elementor-element-89794bc elementor-section-boxed elementor-section-height-default elementor-section-height-default\" data-id=\"89794bc\" data-element_type=\"section\" data-e-type=\"section\">\n\t\t\t\t\t\t<div class=\"elementor-container elementor-column-gap-default\">\n\t\t\t\t\t<div class=\"elementor-column elementor-col-100 elementor-top-column elementor-element elementor-element-c12571e\" data-id=\"c12571e\" data-element_type=\"column\" data-e-type=\"column\">\n\t\t\t<div class=\"elementor-widget-wrap elementor-element-populated\">\n\t\t\t\t\t\t<div class=\"elementor-element elementor-element-8414489 elementor-widget elementor-widget-spacer\" data-id=\"8414489\" data-element_type=\"widget\" data-e-type=\"widget\" data-widget_type=\"spacer.default\">\n\t\t\t\t<div class=\"elementor-widget-container\">\n\t\t\t\t\t\t\t<div class=\"elementor-spacer\">\n\t\t\t<div class=\"elementor-spacer-inner\"><\/div>\n\t\t<\/div>\n\t\t\t\t\t\t<\/div>\n\t\t\t\t<\/div>\n\t\t\t\t\t<\/div>\n\t\t<\/div>\n\t\t\t\t\t<\/div>\n\t\t<\/section>\n\t\t\t\t<\/div>\n\t\t","protected":false},"excerpt":{"rendered":"<p>\u041a\u043b\u0438\u043a\u043e\u043c \u043d\u0430 \u043d\u0430\u0437\u0438\u0432 \u0434\u043e\u043a\u0443\u043c\u0435\u043d\u0442\u0430\u00a0\u043e\u0442\u0432\u043e\u0440\u0438\u045b\u0435\u0442\u0435 .pdf \u0434\u043e\u043a\u0443\u043c\u0435\u043d\u0442 \u0443 \u043d\u043e\u0432\u043e\u043c \u043f\u0440\u043e\u0437\u043e\u0440\u0443\/\u0442\u0430\u0431\u0443. \u0421\u0442\u0430\u0442\u0443\u0442 \u041e\u043f\u0448\u0442\u0438\u043d\u0435 \u0420\u043e\u0433\u0430\u0442\u0438\u0446\u0430 \u041f\u043e\u0441\u043b\u043e\u0432\u043d\u0438\u043a \u043e \u0440\u0430\u0434\u0443 \u0421\u043a\u0443\u043f\u0448\u0442\u0438\u043d\u0435 \u043e\u043f\u0448\u0442\u0438\u043d\u0435 \u0420\u043e\u0433\u0430\u0442\u0438\u0446\u0430 \u0415\u0442\u0438\u0447\u043a\u0438 \u043a\u043e\u0434\u0435\u043a\u0441 \u0421\u043a\u0443\u043f\u0448\u0442\u0438\u043d\u0435 \u043e\u043f\u0448\u0442\u0438\u043d\u0435 \u0420\u043e\u0433\u0430\u0442\u0438\u0446\u0430<\/p>\n","protected":false},"author":2,"featured_media":0,"parent":0,"menu_order":0,"comment_status":"closed","ping_status":"closed","template":"template-fullwidth.php","meta":{"footnotes":""},"categories":[],"tags":[],"class_list":["post-444","page","type-page","status-publish","hentry"],"_links":{"self":[{"href":"https:\/\/www.rogatica.ba\/index.php?rest_route=\/wp\/v2\/pages\/444","targetHints":{"allow":["GET"]}}],"collection":[{"href":"https:\/\/www.rogatica.ba\/index.php?rest_route=\/wp\/v2\/pages"}],"about":[{"href":"https:\/\/www.rogatica.ba\/index.php?rest_route=\/wp\/v2\/types\/page"}],"author":[{"embeddable":true,"href":"https:\/\/www.rogatica.ba\/index.php?rest_route=\/wp\/v2\/users\/2"}],"replies":[{"embeddable":true,"href":"https:\/\/www.rogatica.ba\/index.php?rest_route=%2Fwp%2Fv2%2Fcomments&post=444"}],"version-history":[{"count":3,"href":"https:\/\/www.rogatica.ba\/index.php?rest_route=\/wp\/v2\/pages\/444\/revisions"}],"predecessor-version":[{"id":26572,"href":"https:\/\/www.rogatica.ba\/index.php?rest_route=\/wp\/v2\/pages\/444\/revisions\/26572"}],"wp:attachment":[{"href":"https:\/\/www.rogatica.ba\/index.php?rest_route=%2Fwp%2Fv2%2Fmedia&parent=444"}],"wp:term":[{"taxonomy":"category","embeddable":true,"href":"https:\/\/www.rogatica.ba\/index.php?rest_route=%2Fwp%2Fv2%2Fcategories&post=444"},{"taxonomy":"post_tag","embeddable":true,"href":"https:\/\/www.rogatica.ba\/index.php?rest_route=%2Fwp%2Fv2%2Ftags&post=444"}],"curies":[{"name":"wp","href":"https:\/\/api.w.org\/{rel}","templated":true}]}}